{"id":154,"date":"2017-08-18T10:20:48","date_gmt":"2017-08-18T10:20:48","guid":{"rendered":"https:\/\/www.tejasverdes.com\/?page_id=154"},"modified":"2020-07-22T08:30:31","modified_gmt":"2020-07-22T08:30:31","slug":"carta","status":"publish","type":"page","link":"https:\/\/www.tejasverdes.com\/de\/carta\/","title":{"rendered":"Carta"},"content":{"rendered":"<p>[vc_row row_type=&#8220;full_width&#8220; type=&#8220;container&#8220; bg_select=&#8220;bg_parallax&#8220; parallax_speed=&#8220;4&#8243; bg_image_postions=&#8220;left bottom&#8220; parallax_img=&#8220;99&#8243; parallax_overlay=&#8220;rgba(255,255,255,0.55)&#8220;][vc_column]<div class=\"ult-spacer spacer-6a06211484225\" data-id=\"6a06211484225\" data-height=\"60\" data-height-mobile=\"60\" data-height-tab=\"60\" data-height-tab-portrait=\"\" data-height-mobile-landscape=\"\" style=\"clear:both;display:block;\"><\/div>[vc_single_image image=&#8220;32&#8243; img_size=&#8220;full&#8220; alignment=&#8220;center&#8220;]<div id=\"ultimate-heading-4406a06211484244\" class=\"uvc-heading ult-adjust-bottom-margin ultimate-heading-4406a06211484244 uvc-2497 \" data-hspacer=\"line_only\"  data-halign=\"center\" style=\"text-align:center\"><div class=\"uvc-main-heading ult-responsive\"  data-ultimate-target='.uvc-heading.ultimate-heading-4406a06211484244 h2'  data-responsive-json-new='{\"font-size\":\"\",\"line-height\":\"\"}' ><h2 style=\"font-weight:normal;\">K\u00fcche<\/h2><\/div><div class=\"uvc-heading-spacer line_only\" style=\"topheight:2px;\"><span class=\"uvc-headings-line\" style=\"border-style:solid;border-bottom-width:2px;border-color:#ccc;width:200px;\"><\/span><\/div><\/div>[vc_row_inner el_class=&#8220;carta&#8220; css=&#8220;.vc_custom_1498735179494{background-color: #ffffff !important;}&#8220;][vc_column_inner width=&#8220;1\/2&#8243;][vc_column_text]<\/p>\n<h3>K\u00e4lte zu starten<\/h3>\n<div class=\"product\">Leg Gegrillter Tintenfisch mit Kartoffelbrei cachelos und violette<i class=\"alergenos-sulfito\"><\/i><i class=\"alergenos-soja\"><\/i><i class=\"alergenos-pescado\"><\/i><\/div>\n<div class=\"price\">21.00\u20ac<\/div>\n<div class=\"product\">Tomate, Nizza und frische Zwiebel <i class=\"alergenos-sulfito\"><\/i><i class=\"alergenos-pescado\"><\/i><\/div>\n<div class=\"price\">15.50\u20ac<\/div>\n<div class=\"product\">Salat von roten und gr\u00fcnen Paprika mit Sardellen oder Thunfisch Bauch<i class=\"alergenos-sulfito\"><\/i><i class=\"alergenos-pescado\"><\/i><\/div>\n<div class=\"price\">16.50\u20ac<\/div>\n<div class=\"product\">Burrata di Puglia mit rose Tomaten <i class=\"alergenos-sulfito\"><\/i><i class=\"alergenos-lacteos\"><\/i><\/div>\n<div class=\"price\">17.00\u20ac<\/div>\n<div class=\"product\">Lockenwickler gef\u00fcllt mit G\u00e4nseleber Cecina Quitte <i class=\"alergenos-sulfito\"><\/i><i class=\"alergenos-huevos\"><\/i><\/div>\n<div class=\"price\">18.00\u20ac<\/div>\n<div class=\"product\">Iberischen Schinken und lomo<\/div>\n<div class=\"price\">22.25\u20ac<\/div>\n<div class=\"product\">Pan Glass<i class=\"alergenos-sulfito\"><\/i><i class=\"alergenos-cereales\"><\/i><\/div>\n<div class=\"price\">3.90\u20ac<\/div>\n<h3>Klassische Starter<\/h3>\n<div class=\"product\">Schinkenkroketten <i class=\"alergenos-huevos\"><\/i><i class=\"alergenos-cereales\"><\/i><\/div>\n<div class=\"price\">10.00\u20ac<\/div>\n<div class=\"product\">R\u00fchrei mit Wurst mit Pinienkernen und Strohkartoffeln <i class=\"alergenos-sulfito\"><\/i><i class=\"alergenos-lacteos\"><\/i><i class=\"alergenos-huevos\"><\/i><i class=\"alergenos-frutossecos\"><\/i><\/div>\n<div class=\"price\">12.00\u20ac<\/div>\n<div class=\"product\">Hackfleisch mit Kartoffeln und R\u00fchrei <i class=\"alergenos-sulfito\"><\/i><i class=\"alergenos-huevos\"><\/i><i class=\"alergenos-cereales\"><\/i><\/div>\n<div class=\"price\">14.50\u20ac<\/div>\n<div class=\"product\">Mit Schinken und Spiegelei <i class=\"alergenos-sulfito\"><\/i><i class=\"alergenos-huevos\"><\/i><i class=\"alergenos-cereales\"><\/i><\/div>\n<div class=\"price\">15.50\u20ac<\/div>\n<div class=\"product\">Gegrilltes Gem\u00fcse mit Frischk\u00e4se <i class=\"alergenos-sulfito\"><\/i><i class=\"alergenos-lacteos\"><\/i><\/div>\n<div class=\"price\">15.50\u20ac<\/div>\n<h3>immer Fleisch<\/h3>\n<div class=\"product\">Oxtail Eintopf zu dem Cordovan <i class=\"alergenos-sulfito\"><\/i><\/div>\n<div class=\"price\">17.00\u20ac<\/div>\n<div class=\"product\">Lammkoteletts lechal<\/div>\n<div class=\"price\">18.00\u20ac<\/div>\n<div class=\"product\">Angus Burger <i class=\"alergenos-cereales\"><\/i><\/div>\n<div class=\"price\">18.00\u20ac<\/div>\n<div class=\"product\">Wei\u00df Kalbsschnitzel \u00c1vila<\/div>\n<div class=\"price\">21.00\u20ac<\/div>\n<div class=\"product\">Rinderfilet roja<\/div>\n<div class=\"price\">23.00\u20ac<\/div>\n<div class=\"product\">Lammschulter Braten lechal<\/div>\n<div class=\"price\">23.50\u20ac<\/div>\n<div class=\"product\">A\u00f1ojo Rinderfilet mit Foie <i class=\"alergenos-cereales\"><\/i><\/div>\n<div class=\"price\">26.00\u20ac<\/div>\n<p>[\/vc_column_text][\/vc_column_inner][vc_column_inner width=&#8220;1\/2&#8243;][vc_column_text]<\/p>\n<h3>andere Zubereitungen<\/h3>\n<div class=\"product\">Gem\u00fcse-Tempura-Sauce Romescu <i class=\"alergenos-sulfito\"><\/i><i class=\"alergenos-frutossecos\"><\/i><i class=\"alergenos-cereales\"><\/i><\/div>\n<div class=\"price\">13.00\u20ac<\/div>\n<div class=\"product\">Artischocken mit Venusmuscheln <i class=\"alergenos-sulfito\"><\/i><i class=\"alergenos-moluscos\"><\/i><\/div>\n<div class=\"price\">17.00\u20ac<\/div>\n<div class=\"product\">orientalische Pilze mit frischen foie und Pedro Xim\u00e9nez Reduktion <i class=\"alergenos-sulfito\"><\/i><i class=\"alergenos-cereales\"><\/i><\/div>\n<div class=\"price\">17.00\u20ac<\/div>\n<div class=\"product\">Iberischen Schwein Tataki mit Arbequina und Haselnuss <i class=\"alergenos-sulfito\"><\/i><i class=\"alergenos-frutossecos\"><\/i><\/div>\n<div class=\"price\">19.50\u20ac<\/div>\n<div class=\"product\">Steak tartar<\/div>\n<div class=\"price\">23.00\u20ac<\/div>\n<h3>Fisch<\/h3>\n<div class=\"product\">Tintenfische in ihrer Tinte mit wei\u00dfen Reis <i class=\"alergenos-moluscos\"><\/i><\/div>\n<div class=\"price\">18.00\u20ac<\/div>\n<div class=\"product\">Kokotxas Bacalao al pil-pil \u20ac 18,00 <i class=\"alergenos-pescado\"><\/i><\/div>\n<div class=\"price\">18.00\u20ac<\/div>\n<p>iv class=&#8220;product&#8220;&gt;Salz Seebarsch <i class=\"alergenos-pescado\"><\/i><\/p>\n<div class=\"price\">19.50\u20ac<\/div>\n<div class=\"product\">Clams Marinara Schiene <i class=\"alergenos-pescado\"><\/i><\/div>\n<div class=\"price\">19,50\u20ac<\/div>\n<div class=\"product\">Hake Spie\u00df Basken <i class=\"alergenos-sulfito\"><\/i><i class=\"alergenos-pescado\"><\/i><\/div>\n<div class=\"price\">24.50\u20ac<\/div>\n<div class=\"product\">Tuna Tataki <i class=\"alergenos-pescado\"><\/i><i class=\"alergenos-cereales\"><\/i><\/div>\n<div class=\"price\">21.00\u20ac<\/div>\n<h3>Desserts<\/h3>\n<div class=\"product\">Selbst gemachte Kuchen <i class=\"alergenos-lacteos\"><\/i><i class=\"alergenos-huevos\"><\/i><i class=\"alergenos-cereales\"><\/i><\/div>\n<div class=\"price\">5.00\u20ac<\/div>\n<div class=\"product\">gebratene Milch mit Mandarinen-Sorbet<br \/>\n<i class=\"alergenos-sulfito\"><\/i><i class=\"alergenos-lacteos\"><\/i><i class=\"alergenos-huevos\"><\/i><i class=\"alergenos-cereales\"><\/i><\/div>\n<div class=\"price\">6.00\u20ac<\/div>\n<div class=\"product\"><\/div>\n<div class=\"price\">7.00\u20ac<\/div>\n<div class=\"product\">Apple-Tarte Tatin <i class=\"alergenos-lacteos\"><\/i><i class=\"alergenos-cereales\"><\/i><\/div>\n<div class=\"price\">7.00\u20ac<\/div>\n<div class=\"product\">Brownie mit Vanilleeis <i class=\"alergenos-lacteos\"><\/i><i class=\"alergenos-cereales\"><\/i><\/div>\n<div class=\"price\">7.00\u20ac<\/div>\n<div class=\"product\">Fruchteis zu Tomillo<\/div>\n<div class=\"price\">6.00\u20ac<\/div>\n<p>[\/vc_column_text][\/vc_column_inner][vc_column_inner][vc_column_text]<\/p>\n<div class=\"alergenos\">\n<h3>Legend Allergens<\/h3>\n<p><i class=\"alergenos-altramuces\"><\/i> Lupin<\/p>\n<p><i class=\"alergenos-apio\"><\/i> Celery<\/p>\n<p><i class=\"alergenos-cacahuete\"><\/i> Peanuts<\/p>\n<p><i class=\"alergenos-cereales\"><\/i> Cereals<\/p>\n<p><i class=\"alergenos-crustaceos\"><\/i> Crustaceans<\/p>\n<p><i class=\"alergenos-frutossecos\"><\/i> Nuts<\/p>\n<p><i class=\"alergenos-huevos\"><\/i> Eggs<\/p>\n<p><i class=\"alergenos-lacteos\"><\/i> Milk<\/p>\n<p><i class=\"alergenos-moluscos\"><\/i> Molluscs<\/p>\n<p><i class=\"alergenos-mostaza\"><\/i> Mustard<\/p>\n<p><i class=\"alergenos-pescado\"><\/i> Fish<\/p>\n<p><i class=\"alergenos-sesamo\"><\/i> Sesame<\/p>\n<p><i class=\"alergenos-soja\"><\/i> Soya<\/p>\n<p><i class=\"alergenos-sulfito\"><\/i> Sulphites<\/p>\n<\/div>\n<p>To see more information about allergens click <a href=\"https:\/\/www.tejasverdes.com\/pdf\/CARTA-CON-ALERGENOS.pdf\" target=\"blank\">HERE<\/a>[\/vc_column_text][\/vc_column_inner][\/vc_row_inner][\/vc_column][\/vc_row][vc_row row_type=&#8220;full_width&#8220; type=&#8220;full_screen&#8220;][vc_column]<div class=\"ult-spacer spacer-6a06211484256\" data-id=\"6a06211484256\" data-height=\"150\" data-height-mobile=\"150\" data-height-tab=\"150\" data-height-tab-portrait=\"\" data-height-mobile-landscape=\"\" style=\"clear:both;display:block;\"><\/div>[rev_slider_vc alias=&#8220;carta&#8220;]<div class=\"ult-spacer spacer-6a0621148425e\" data-id=\"6a0621148425e\" data-height=\"150\" data-height-mobile=\"150\" data-height-tab=\"150\" data-height-tab-portrait=\"\" data-height-mobile-landscape=\"\" style=\"clear:both;display:block;\"><\/div>[\/vc_column][\/vc_row][vc_row row_type=&#8220;full_width&#8220; type=&#8220;container&#8220; anchor=&#8220;menus&#8220;][vc_column]<div class=\"ult-spacer spacer-6a06211484264\" data-id=\"6a06211484264\" data-height=\"60\" data-height-mobile=\"60\" data-height-tab=\"60\" data-height-tab-portrait=\"\" data-height-mobile-landscape=\"\" style=\"clear:both;display:block;\"><\/div>[vc_single_image image=&#8220;32&#8243; img_size=&#8220;full&#8220; alignment=&#8220;center&#8220;]<div id=\"ultimate-heading-50376a06211484270\" class=\"uvc-heading ult-adjust-bottom-margin ultimate-heading-50376a06211484270 uvc-424 \" data-hspacer=\"line_only\"  data-halign=\"center\" style=\"text-align:center\"><div class=\"uvc-main-heading ult-responsive\"  data-ultimate-target='.uvc-heading.ultimate-heading-50376a06211484270 h2'  data-responsive-json-new='{\"font-size\":\"\",\"line-height\":\"\"}' ><h2 style=\"font-weight:normal;\">Menus<\/h2><\/div><div class=\"uvc-heading-spacer line_only\" style=\"topheight:2px;\"><span class=\"uvc-headings-line\" style=\"border-style:solid;border-bottom-width:2px;border-color:#ccc;width:200px;\"><\/span><\/div><\/div><div class=\"ult-spacer spacer-6a0621148427b\" data-id=\"6a0621148427b\" data-height=\"60\" data-height-mobile=\"60\" data-height-tab=\"60\" data-height-tab-portrait=\"\" data-height-mobile-landscape=\"\" style=\"clear:both;display:block;\"><\/div>[vc_row_inner match_height=&#8220;yes&#8220; el_class=&#8220;menus&#8220; css=&#8220;.vc_custom_1498735240280{background-color: #ffffff !important;}&#8220;][vc_column_inner width=&#8220;1\/2&#8243;][vc_column_text]<\/p>\n<h3>Men\u00fc 1<\/h3>\n<p>Gereifter K\u00e4se Schafe Rosmarin\u00f6l<br \/>\nMit Schinken und Ei<br \/>\nSchinkenkroketten<br \/>\nStrudel Tomaten, Mozzarella und Spinat-Pesto<br \/>\n&#8230;&#8230;&#8230;<br \/>\nAngus Burger oder<br \/>\nBratspie\u00df Gem\u00fcse und Sardellen<br \/>\n&#8230;&#8230;&#8230;<br \/>\nFlan of the house<br \/>\nCoffee<br \/>\n&#8230;&#8230;&#8230;<br \/>\nRioja Marqu\u00e9s de Arienzo<br \/>\nWasser Solan de Cabras<\/p>\n<h5>Prize: 37,50\u20ac<br \/>\n<em>(MwSt nicht enthalten) <\/em><\/h5>\n<p>[\/vc_column_text][\/vc_column_inner][vc_column_inner width=&#8220;1\/2&#8243;][vc_column_text]<\/p>\n<h3>Men\u00fc 2<\/h3>\n<p>Cecina de Le\u00f3n mit Parmesanflocken<br \/>\nR\u00fchrei mit Wurst mit Pinienkernen<br \/>\nSalat gr\u00fcne und rote Paprika mit Sardellen<br \/>\nPilze und Spargel Geb\u00e4ck<br \/>\n&#8230;&#8230;&#8230;<br \/>\nEntrecote oder choto<br \/>\nTxipirones in Tinte mit Reis<br \/>\n&#8230;&#8230;&#8230;<br \/>\nZitronensorbet mit Sekt<br \/>\nCafe<br \/>\n&#8230;&#8230;&#8230;<br \/>\nRioja Marqu\u00e9s de Arienzo<br \/>\nWasser Solan de Cabras<\/p>\n<h5>Prize: 41,50\u20ac<br \/>\n<em>(MwSt nicht enthalten) <\/em><\/h5>\n<p>[\/vc_column_text][\/vc_column_inner][\/vc_row_inner][vc_row_inner match_height=&#8220;yes&#8220; el_class=&#8220;menus&#8220; css=&#8220;.vc_custom_1498735230527{background-color: #ffffff !important;}&#8220;][vc_column_inner width=&#8220;1\/2&#8243;][vc_column_text]<\/p>\n<h3>Men\u00fc 3<\/h3>\n<p>Tomaca Brot mit Schinken<br \/>\nMeeresfr\u00fcchte Kroketten<br \/>\nRucola-Salat mit Tomaten, N\u00fcsse<br \/>\nHackfleisch mit Kartoffeln und Spiegelei<br \/>\n&#8230;&#8230;&#8230;<br \/>\nIberischen Schwein tataki oder die Arbequina<br \/>\nSeabass Bilba\u00edna<br \/>\n&#8230;&#8230;&#8230;<br \/>\nBrownie mit Vanilleeis<br \/>\nCafe<br \/>\n&#8230;&#8230;&#8230;<br \/>\nRioja Marqu\u00e9s de Arienzo<br \/>\nWasser Solan de Cabras<\/p>\n<h5>Prize: 46\u20ac<br \/>\n<em>(MwSt nicht enthalten)<\/em><\/h5>\n<p>[\/vc_column_text][\/vc_column_inner][vc_column_inner width=&#8220;1\/2&#8243;][vc_column_text]<\/p>\n<h3>Men\u00fc 4<\/h3>\n<p>Bellota Schinken, Wurst Lende und K\u00e4se vom Schaf<br \/>\nGuernica Paprika<br \/>\nGer\u00e4ucherte und Avocado-Timbale mit Gazpacho<br \/>\nin Sauce Oxtail mit Kartoffelbrei<br \/>\n&#8230;&#8230;&#8230;<\/p>\n<p>lenden<br \/>\nHake Donostiarra<br \/>\n&#8230;&#8230;&#8230;<\/p>\n<p>Und Blaubeerek\u00e4sekuchen<br \/>\nCafe<br \/>\n&#8230;&#8230;&#8230;<br \/>\nRioja Marqu\u00e9s de Arienzo<br \/>\nWasser Solan de Cabras<\/p>\n<h5>Prize: 50\u20ac<br \/>\n<em>(MwSt nicht enthalten)<\/em><\/h5>\n<p>[\/vc_column_text][\/vc_column_inner][\/vc_row_inner][vc_row_inner match_height=&#8220;yes&#8220; el_class=&#8220;menus&#8220; css=&#8220;.vc_custom_1498735224014{background-color: #ffffff !important;}&#8220;][vc_column_inner width=&#8220;1\/2&#8243;][vc_column_text]<\/p>\n<h3>Men\u00fc 5<\/h3>\n<p>iberischer Schinken<br \/>\nBurrata aus Apulien mit Tomate RAF<br \/>\nZiegenk\u00e4se-Salat mit Pinienkernen<br \/>\nPilze mit foie Pedro Xim\u00e9nez Reduktion<br \/>\n&#8230;&#8230;&#8230;<br \/>\nSpanferkel Lamm<br \/>\n&#8230;&#8230;&#8230;<br \/>\nApple-Tarte Tatin<br \/>\nCafe<br \/>\n&#8230;&#8230;&#8230;<br \/>\nRioja Marqu\u00e9s de Arienzo<br \/>\nWasser Solan de Cabras<\/p>\n<h5>Prize: 56\u20ac<br \/>\n<em>(MwSt nicht enthalten)<\/em><\/h5>\n<p>[\/vc_column_text][\/vc_column_inner][vc_column_inner width=&#8220;1\/2&#8243;][vc_column_text]<\/p>\n<h4>Men\u00fc informationen<\/h4>\n<p>* Die Men\u00fcs g\u00fcltig von Dienstag bis Freitag f\u00fcr Gruppen zwischen 12 und 20 Personen.<\/p>\n<p>* Die Reserve wird formalisiert 25% des Gesamtbetrages zu zahlen. H\u00f6here Beratungsgruppen.[\/vc_column_text][\/vc_column_inner][\/vc_row_inner][\/vc_column][\/vc_row]<\/p>\n","protected":false},"excerpt":{"rendered":"<p>[vc_row row_type=&#8220;full_width&#8220; type=&#8220;container&#8220; bg_select=&#8220;bg_parallax&#8220; parallax_speed=&#8220;4&#8243; bg_image_postions=&#8220;left bottom&#8220; parallax_img=&#8220;99&#8243; parallax_overlay=&#8220;rgba(255,255,255,0.55)&#8220;][vc_column][vc_single_image image=&#8220;32&#8243; img_size=&#8220;full&#8220; alignment=&#8220;center&#8220;][vc_row_inner el_class=&#8220;carta&#8220; css=&#8220;.vc_custom_1498735179494{background-color: #ffffff !important;}&#8220;][vc_column_inner width=&#8220;1\/2&#8243;][vc_column_text] K\u00e4lte zu starten Leg Gegrillter Tintenfisch mit Kartoffelbrei cachelos und violette 21.00\u20ac Tomate, Nizza und frische Zwiebel 15.50\u20ac Salat von roten und gr\u00fcnen Paprika mit Sardellen oder Thunfisch Bauch 16.50\u20ac Burrata di Puglia mit rose Tomaten 17.00\u20ac Lockenwickler [&hellip;]<\/p>\n","protected":false},"author":1,"featured_media":0,"parent":0,"menu_order":0,"comment_status":"closed","ping_status":"closed","template":"template-page-full.php","meta":[],"yoast_head":"<!-- This site is optimized with the Yoast SEO plugin v21.5 - https:\/\/yoast.com\/wordpress\/plugins\/seo\/ -->\n<title>Carta - Tejas Verdes<\/title>\n<meta name=\"robots\" content=\"index, follow, max-snippet:-1, max-image-preview:large, max-video-preview:-1\" \/>\n<link rel=\"canonical\" href=\"https:\/\/www.tejasverdes.com\/carta\/\" \/>\n<meta property=\"og:locale\" content=\"de_DE\" \/>\n<meta property=\"og:type\" content=\"article\" \/>\n<meta property=\"og:title\" content=\"Carta - Tejas Verdes\" \/>\n<meta property=\"og:description\" content=\"[vc_row row_type=&#8220;full_width&#8220; type=&#8220;container&#8220; bg_select=&#8220;bg_parallax&#8220; parallax_speed=&#8220;4&#8243; bg_image_postions=&#8220;left bottom&#8220; parallax_img=&#8220;99&#8243; parallax_overlay=&#8220;rgba(255,255,255,0.55)&#8220;][vc_column][vc_single_image image=&#8220;32&#8243; img_size=&#8220;full&#8220; alignment=&#8220;center&#8220;][vc_row_inner el_class=&#8220;carta&#8220; css=&#8220;.vc_custom_1498735179494{background-color: #ffffff !important;}&#8220;][vc_column_inner width=&#8220;1\/2&#8243;][vc_column_text] K\u00e4lte zu starten Leg Gegrillter Tintenfisch mit Kartoffelbrei cachelos und violette 21.00\u20ac Tomate, Nizza und frische Zwiebel 15.50\u20ac Salat von roten und gr\u00fcnen Paprika mit Sardellen oder Thunfisch Bauch 16.50\u20ac Burrata di Puglia mit rose Tomaten 17.00\u20ac Lockenwickler [&hellip;]\" \/>\n<meta property=\"og:url\" content=\"https:\/\/www.tejasverdes.com\/carta\/\" \/>\n<meta property=\"og:site_name\" content=\"Tejas Verdes\" \/>\n<meta property=\"article:publisher\" content=\"https:\/\/www.facebook.com\/tejasverdesrestaurante\" \/>\n<meta property=\"article:modified_time\" content=\"2020-07-22T08:30:31+00:00\" \/>\n<meta name=\"twitter:card\" content=\"summary_large_image\" \/>\n<meta name=\"twitter:label1\" content=\"Gesch\u00e4tzte Lesezeit\" \/>\n\t<meta name=\"twitter:data1\" content=\"4\u00a0Minuten\" \/>\n<script type=\"application\/ld+json\" class=\"yoast-schema-graph\">{\"@context\":\"https:\/\/schema.org\",\"@graph\":[{\"@type\":\"WebPage\",\"@id\":\"https:\/\/www.tejasverdes.com\/carta\/\",\"url\":\"https:\/\/www.tejasverdes.com\/carta\/\",\"name\":\"Carta - Tejas Verdes\",\"isPartOf\":{\"@id\":\"https:\/\/www.tejasverdes.com\/#website\"},\"datePublished\":\"2017-08-18T10:20:48+00:00\",\"dateModified\":\"2020-07-22T08:30:31+00:00\",\"breadcrumb\":{\"@id\":\"https:\/\/www.tejasverdes.com\/carta\/#breadcrumb\"},\"inLanguage\":\"de\",\"potentialAction\":[{\"@type\":\"ReadAction\",\"target\":[\"https:\/\/www.tejasverdes.com\/carta\/\"]}]},{\"@type\":\"BreadcrumbList\",\"@id\":\"https:\/\/www.tejasverdes.com\/carta\/#breadcrumb\",\"itemListElement\":[{\"@type\":\"ListItem\",\"position\":1,\"name\":\"Portada\",\"item\":\"https:\/\/www.tejasverdes.com\/de\/\"},{\"@type\":\"ListItem\",\"position\":2,\"name\":\"Carta\"}]},{\"@type\":\"WebSite\",\"@id\":\"https:\/\/www.tejasverdes.com\/#website\",\"url\":\"https:\/\/www.tejasverdes.com\/\",\"name\":\"Restaurante Tejas Verdes\",\"description\":\"Mes\u00f3n en San Sebastian de Los Reyes Madrid\",\"publisher\":{\"@id\":\"https:\/\/www.tejasverdes.com\/#organization\"},\"potentialAction\":[{\"@type\":\"SearchAction\",\"target\":{\"@type\":\"EntryPoint\",\"urlTemplate\":\"https:\/\/www.tejasverdes.com\/?s={search_term_string}\"},\"query-input\":\"required name=search_term_string\"}],\"inLanguage\":\"de\"},{\"@type\":\"Organization\",\"@id\":\"https:\/\/www.tejasverdes.com\/#organization\",\"name\":\"Restaurante Tejas Verdes\",\"url\":\"https:\/\/www.tejasverdes.com\/\",\"logo\":{\"@type\":\"ImageObject\",\"inLanguage\":\"de\",\"@id\":\"https:\/\/www.tejasverdes.com\/#\/schema\/logo\/image\/\",\"url\":\"https:\/\/www.tejasverdes.com\/wp-content\/uploads\/tejasverdes-logo-small-green.png\",\"contentUrl\":\"https:\/\/www.tejasverdes.com\/wp-content\/uploads\/tejasverdes-logo-small-green.png\",\"width\":300,\"height\":101,\"caption\":\"Restaurante Tejas Verdes\"},\"image\":{\"@id\":\"https:\/\/www.tejasverdes.com\/#\/schema\/logo\/image\/\"},\"sameAs\":[\"https:\/\/www.facebook.com\/tejasverdesrestaurante\",\"https:\/\/www.instagram.com\/tejasverdes_restaurante\/\"]}]}<\/script>\n<!-- \/ Yoast SEO plugin. -->","yoast_head_json":{"title":"Carta - Tejas Verdes","robots":{"index":"index","follow":"follow","max-snippet":"max-snippet:-1","max-image-preview":"max-image-preview:large","max-video-preview":"max-video-preview:-1"},"canonical":"https:\/\/www.tejasverdes.com\/carta\/","og_locale":"de_DE","og_type":"article","og_title":"Carta - Tejas Verdes","og_description":"[vc_row row_type=&#8220;full_width&#8220; type=&#8220;container&#8220; bg_select=&#8220;bg_parallax&#8220; parallax_speed=&#8220;4&#8243; bg_image_postions=&#8220;left bottom&#8220; parallax_img=&#8220;99&#8243; parallax_overlay=&#8220;rgba(255,255,255,0.55)&#8220;][vc_column][vc_single_image image=&#8220;32&#8243; img_size=&#8220;full&#8220; alignment=&#8220;center&#8220;][vc_row_inner el_class=&#8220;carta&#8220; css=&#8220;.vc_custom_1498735179494{background-color: #ffffff !important;}&#8220;][vc_column_inner width=&#8220;1\/2&#8243;][vc_column_text] K\u00e4lte zu starten Leg Gegrillter Tintenfisch mit Kartoffelbrei cachelos und violette 21.00\u20ac Tomate, Nizza und frische Zwiebel 15.50\u20ac Salat von roten und gr\u00fcnen Paprika mit Sardellen oder Thunfisch Bauch 16.50\u20ac Burrata di Puglia mit rose Tomaten 17.00\u20ac Lockenwickler [&hellip;]","og_url":"https:\/\/www.tejasverdes.com\/carta\/","og_site_name":"Tejas Verdes","article_publisher":"https:\/\/www.facebook.com\/tejasverdesrestaurante","article_modified_time":"2020-07-22T08:30:31+00:00","twitter_card":"summary_large_image","twitter_misc":{"Gesch\u00e4tzte Lesezeit":"4\u00a0Minuten"},"schema":{"@context":"https:\/\/schema.org","@graph":[{"@type":"WebPage","@id":"https:\/\/www.tejasverdes.com\/carta\/","url":"https:\/\/www.tejasverdes.com\/carta\/","name":"Carta - Tejas Verdes","isPartOf":{"@id":"https:\/\/www.tejasverdes.com\/#website"},"datePublished":"2017-08-18T10:20:48+00:00","dateModified":"2020-07-22T08:30:31+00:00","breadcrumb":{"@id":"https:\/\/www.tejasverdes.com\/carta\/#breadcrumb"},"inLanguage":"de","potentialAction":[{"@type":"ReadAction","target":["https:\/\/www.tejasverdes.com\/carta\/"]}]},{"@type":"BreadcrumbList","@id":"https:\/\/www.tejasverdes.com\/carta\/#breadcrumb","itemListElement":[{"@type":"ListItem","position":1,"name":"Portada","item":"https:\/\/www.tejasverdes.com\/de\/"},{"@type":"ListItem","position":2,"name":"Carta"}]},{"@type":"WebSite","@id":"https:\/\/www.tejasverdes.com\/#website","url":"https:\/\/www.tejasverdes.com\/","name":"Restaurante Tejas Verdes","description":"Mes\u00f3n en San Sebastian de Los Reyes Madrid","publisher":{"@id":"https:\/\/www.tejasverdes.com\/#organization"},"potentialAction":[{"@type":"SearchAction","target":{"@type":"EntryPoint","urlTemplate":"https:\/\/www.tejasverdes.com\/?s={search_term_string}"},"query-input":"required name=search_term_string"}],"inLanguage":"de"},{"@type":"Organization","@id":"https:\/\/www.tejasverdes.com\/#organization","name":"Restaurante Tejas Verdes","url":"https:\/\/www.tejasverdes.com\/","logo":{"@type":"ImageObject","inLanguage":"de","@id":"https:\/\/www.tejasverdes.com\/#\/schema\/logo\/image\/","url":"https:\/\/www.tejasverdes.com\/wp-content\/uploads\/tejasverdes-logo-small-green.png","contentUrl":"https:\/\/www.tejasverdes.com\/wp-content\/uploads\/tejasverdes-logo-small-green.png","width":300,"height":101,"caption":"Restaurante Tejas Verdes"},"image":{"@id":"https:\/\/www.tejasverdes.com\/#\/schema\/logo\/image\/"},"sameAs":["https:\/\/www.facebook.com\/tejasverdesrestaurante","https:\/\/www.instagram.com\/tejasverdes_restaurante\/"]}]}},"_links":{"self":[{"href":"https:\/\/www.tejasverdes.com\/de\/wp-json\/wp\/v2\/pages\/154"}],"collection":[{"href":"https:\/\/www.tejasverdes.com\/de\/wp-json\/wp\/v2\/pages"}],"about":[{"href":"https:\/\/www.tejasverdes.com\/de\/wp-json\/wp\/v2\/types\/page"}],"author":[{"embeddable":true,"href":"https:\/\/www.tejasverdes.com\/de\/wp-json\/wp\/v2\/users\/1"}],"replies":[{"embeddable":true,"href":"https:\/\/www.tejasverdes.com\/de\/wp-json\/wp\/v2\/comments?post=154"}],"version-history":[{"count":5,"href":"https:\/\/www.tejasverdes.com\/de\/wp-json\/wp\/v2\/pages\/154\/revisions"}],"predecessor-version":[{"id":1026,"href":"https:\/\/www.tejasverdes.com\/de\/wp-json\/wp\/v2\/pages\/154\/revisions\/1026"}],"wp:attachment":[{"href":"https:\/\/www.tejasverdes.com\/de\/wp-json\/wp\/v2\/media?parent=154"}],"curies":[{"name":"wp","href":"https:\/\/api.w.org\/{rel}","templated":true}]}}